{"id":192,"date":"2019-10-08T02:48:59","date_gmt":"2019-10-08T02:48:59","guid":{"rendered":"http:\/\/www.gadconcepcion.gob.ec\/?page_id=192"},"modified":"2019-10-14T21:19:59","modified_gmt":"2019-10-14T21:19:59","slug":"parroquia","status":"publish","type":"page","link":"https:\/\/www.gadconcepcion.gob.ec\/?page_id=192","title":{"rendered":"Parroquia"},"content":{"rendered":"\n<p><strong>Concepci\u00f3n.\n<\/strong><\/p>\n\n\n\n<p>Dentro de la parroquia Concepci\u00f3n en lo que respecta al territorio sus moradores est\u00e1n integrados en una organizaci\u00f3n macro denominada Comuna R\u00edo Santiago y la comuna R\u00edo Bogot\u00e1 como las m\u00e1s grandes; sin embargo los habitantes de este sector se encuentran organizados en clubes deportivos, tanto de mujeres como de hombres, adem\u00e1s existe una asociaci\u00f3n de cacaoteros y la existencia de una junta de agua en la cabecera; dentro del territorio, No se evidencia organizaciones establecidas jur\u00eddicamente en su mayor\u00eda. <\/p>\n\n\n\n<figure class=\"wp-block-image is-resized\"><img fetchpriority=\"high\" decoding=\"async\" src=\"http:\/\/www.gadconcepcion.gob.ec\/wp-content\/uploads\/2019\/10\/concepcion090.png\" alt=\"\" class=\"wp-image-365\" width=\"781\" height=\"269\" srcset=\"https:\/\/www.gadconcepcion.gob.ec\/wp-content\/uploads\/2019\/10\/concepcion090.png 651w, https:\/\/www.gadconcepcion.gob.ec\/wp-content\/uploads\/2019\/10\/concepcion090-300x103.png 300w, https:\/\/www.gadconcepcion.gob.ec\/wp-content\/uploads\/2019\/10\/concepcion090-230x79.png 230w, https:\/\/www.gadconcepcion.gob.ec\/wp-content\/uploads\/2019\/10\/concepcion090-350x120.png 350w, https:\/\/www.gadconcepcion.gob.ec\/wp-content\/uploads\/2019\/10\/concepcion090-480x165.png 480w\" sizes=\"(max-width: 781px) 100vw, 781px\" \/><\/figure>\n\n\n\n<p>El nivel de incidencia de las organizaciones que existen en el territorio es bajo, el nivel organizativo no es el adecuado se evidencia que todo gira alrededor del GAD parroquial, ya que las organizaciones poco inciden en el desarrollo de la parroquia.<\/p>\n\n\n\n<figure class=\"wp-block-image is-resized\"><img decoding=\"async\" src=\"http:\/\/www.gadconcepcion.gob.ec\/wp-content\/uploads\/2019\/10\/concepcion021.png\" alt=\"\" class=\"wp-image-366\" width=\"782\" height=\"332\" srcset=\"https:\/\/www.gadconcepcion.gob.ec\/wp-content\/uploads\/2019\/10\/concepcion021.png 651w, https:\/\/www.gadconcepcion.gob.ec\/wp-content\/uploads\/2019\/10\/concepcion021-300x127.png 300w, https:\/\/www.gadconcepcion.gob.ec\/wp-content\/uploads\/2019\/10\/concepcion021-230x98.png 230w, https:\/\/www.gadconcepcion.gob.ec\/wp-content\/uploads\/2019\/10\/concepcion021-350x148.png 350w, https:\/\/www.gadconcepcion.gob.ec\/wp-content\/uploads\/2019\/10\/concepcion021-480x204.png 480w\" sizes=\"(max-width: 782px) 100vw, 782px\" \/><\/figure>\n\n\n\n<p>Encontramos b\u00e1sicamente tres grupos humanos: el grupo de afro ecuatorianos, que tiene el car\u00e1cter de ancestral por el tiempo de vida en el territorio con aproximadamente 70% del total de la poblaci\u00f3n; el grupo de reciente asentamiento, el mestizo, con un 17% del total de la poblaci\u00f3n, llegados de varias provincias del pa\u00eds. Y los for\u00e1neos. B\u00e1sicamente en la zona del conocido Yalar\u00e9, reside un 5% de extranjeros colombianos, tambi\u00e9n mestizos, de reciente llegada (a\u00f1o 2011) que se est\u00e1n asentando paulatinamente en un espacio de invasi\u00f3n. De estos grupos sus caracter\u00edsticas importantes, y que les diferencian son:\u00a0 <\/p>\n\n\n\n<figure class=\"wp-block-image is-resized\"><img decoding=\"async\" src=\"http:\/\/www.gadconcepcion.gob.ec\/wp-content\/uploads\/2019\/10\/concepcion0234.png\" alt=\"\" class=\"wp-image-367\" width=\"782\" height=\"346\" srcset=\"https:\/\/www.gadconcepcion.gob.ec\/wp-content\/uploads\/2019\/10\/concepcion0234.png 648w, https:\/\/www.gadconcepcion.gob.ec\/wp-content\/uploads\/2019\/10\/concepcion0234-300x133.png 300w, https:\/\/www.gadconcepcion.gob.ec\/wp-content\/uploads\/2019\/10\/concepcion0234-230x102.png 230w, https:\/\/www.gadconcepcion.gob.ec\/wp-content\/uploads\/2019\/10\/concepcion0234-350x155.png 350w, https:\/\/www.gadconcepcion.gob.ec\/wp-content\/uploads\/2019\/10\/concepcion0234-480x213.png 480w\" sizes=\"(max-width: 782px) 100vw, 782px\" \/><\/figure>\n\n\n\n<p><strong>El grupo de los Afro ecuatorianos:<\/strong> conformado por la mayor\u00eda de la poblaci\u00f3n en esta parroquia, este grupo humano como el resto del pa\u00eds, reconocen su ascendencia africana quienes vinieron por la acci\u00f3n de la colonizaci\u00f3n espa\u00f1ola en Am\u00e9rica y que tuvo como pre\u00e1mbulo el periodo social de la esclavitud. Los grupos humanos afro descendientes en el transcurso de hacer su vida en el pa\u00eds y en la zona han ido desarrollando una cultura \u00fanica en el concierto latinoamericano, a la que han incorporado el idioma espa\u00f1ol, sus caracter\u00edsticas de expresi\u00f3n cultural, entre otras valiosas: la m\u00fasica, el temperamento alegre y muy sociable, la familiaridad, la solidaridad, su profunda pertenencia al grupo y a la familia ampliada, el amplio conocimiento del bosque h\u00famedo tropical, su propia creaci\u00f3n m\u00edtica y cosmovisi\u00f3n del mundo, usando los recursos en forma arm\u00f3nica con la preservaci\u00f3n de la naturaleza, a favor de la persona y de la comunidad.  <\/p>\n\n\n\n<figure class=\"wp-block-image is-resized\"><img loading=\"lazy\" decoding=\"async\" src=\"http:\/\/www.gadconcepcion.gob.ec\/wp-content\/uploads\/2019\/10\/concepcion0342.png\" alt=\"\" class=\"wp-image-368\" width=\"781\" height=\"352\" srcset=\"https:\/\/www.gadconcepcion.gob.ec\/wp-content\/uploads\/2019\/10\/concepcion0342.png 651w, https:\/\/www.gadconcepcion.gob.ec\/wp-content\/uploads\/2019\/10\/concepcion0342-300x135.png 300w, https:\/\/www.gadconcepcion.gob.ec\/wp-content\/uploads\/2019\/10\/concepcion0342-230x104.png 230w, https:\/\/www.gadconcepcion.gob.ec\/wp-content\/uploads\/2019\/10\/concepcion0342-350x158.png 350w, https:\/\/www.gadconcepcion.gob.ec\/wp-content\/uploads\/2019\/10\/concepcion0342-480x216.png 480w\" sizes=\"(max-width: 781px) 100vw, 781px\" \/><\/figure>\n\n\n\n<p><strong>Los Mestizos:<\/strong> Son un grupo humano de reciente formaci\u00f3n los que han venido asent\u00e1ndose paulatinamente en las zonas del humedal del Yalare en el conocido \u201cbloque 14 de patrimonio natural del Estado\u201d. La falta de tierras productivas en sus provincias de origen son una de las causas por las que han escogido estas tierras para hacer sus asentamientos, son como ellos lo dicen; producto de una llegada de grupos familiares y conocidos de diferentes lugares de las provincias de Manab\u00ed, Loja, Riobamba, entre otros. Algunos tambi\u00e9n han venido de parroquias del cant\u00f3n Quinind\u00e9 de la misma provincia de Esmeraldas. <\/p>\n\n\n\n<figure class=\"wp-block-image is-resized\"><img loading=\"lazy\" decoding=\"async\" src=\"http:\/\/www.gadconcepcion.gob.ec\/wp-content\/uploads\/2019\/10\/concepcion0432.png\" alt=\"\" class=\"wp-image-369\" width=\"781\" height=\"393\" srcset=\"https:\/\/www.gadconcepcion.gob.ec\/wp-content\/uploads\/2019\/10\/concepcion0432.png 644w, https:\/\/www.gadconcepcion.gob.ec\/wp-content\/uploads\/2019\/10\/concepcion0432-300x151.png 300w, https:\/\/www.gadconcepcion.gob.ec\/wp-content\/uploads\/2019\/10\/concepcion0432-230x116.png 230w, https:\/\/www.gadconcepcion.gob.ec\/wp-content\/uploads\/2019\/10\/concepcion0432-350x176.png 350w, https:\/\/www.gadconcepcion.gob.ec\/wp-content\/uploads\/2019\/10\/concepcion0432-480x241.png 480w\" sizes=\"(max-width: 781px) 100vw, 781px\" \/><\/figure>\n\n\n\n<p><strong>Los colombianos:<\/strong> van conformando peque\u00f1os caser\u00edos de unas 25 familias que se han asentado en el filo de la v\u00eda Yalar\u00e9 \u2013 Quinto Piso, (m\u00e1s cerca a Quinto Piso). Se infiere que han venido por los desplazamientos ocurridos en el lado colombiano, de poblaciones que se afectaron por la situaci\u00f3n de violencia desatada por los grupos irregulares y la guardia nacional (a\u00f1o octubre 2011). Estos pobladores seguramente provienen del sur occidente del pa\u00eds, y es posible que hayan encontrado un identitario colombiano para asentarse en estos territorios poco cuidados y tal vez con una situaci\u00f3n legal inestable.<\/p>\n\n\n\n<figure class=\"wp-block-image is-resized\"><img loading=\"lazy\" decoding=\"async\" src=\"http:\/\/www.gadconcepcion.gob.ec\/wp-content\/uploads\/2019\/10\/concepcion054.png\" alt=\"\" class=\"wp-image-370\" width=\"781\" height=\"284\" srcset=\"https:\/\/www.gadconcepcion.gob.ec\/wp-content\/uploads\/2019\/10\/concepcion054.png 636w, https:\/\/www.gadconcepcion.gob.ec\/wp-content\/uploads\/2019\/10\/concepcion054-300x109.png 300w, https:\/\/www.gadconcepcion.gob.ec\/wp-content\/uploads\/2019\/10\/concepcion054-230x84.png 230w, https:\/\/www.gadconcepcion.gob.ec\/wp-content\/uploads\/2019\/10\/concepcion054-350x127.png 350w, https:\/\/www.gadconcepcion.gob.ec\/wp-content\/uploads\/2019\/10\/concepcion054-480x174.png 480w\" sizes=\"(max-width: 781px) 100vw, 781px\" \/><\/figure>\n\n\n\n<p>Entre los factores antr\u00f3picos, podemos citar la presencia de caracoles (Achantina fulica) que se considerar como una especie invasora, que est\u00e1 afectando a los cultivos de ciclo corto plantaciones de cacao, maracuy\u00e1 e inclusive muchas especies forestales en vivero y reci\u00e9n plantadas.<\/p>\n\n\n\n<figure class=\"wp-block-image is-resized\"><img loading=\"lazy\" decoding=\"async\" src=\"http:\/\/www.gadconcepcion.gob.ec\/wp-content\/uploads\/2019\/10\/concepcion064.png\" alt=\"\" class=\"wp-image-371\" width=\"782\" height=\"286\" srcset=\"https:\/\/www.gadconcepcion.gob.ec\/wp-content\/uploads\/2019\/10\/concepcion064.png 650w, https:\/\/www.gadconcepcion.gob.ec\/wp-content\/uploads\/2019\/10\/concepcion064-300x110.png 300w, https:\/\/www.gadconcepcion.gob.ec\/wp-content\/uploads\/2019\/10\/concepcion064-230x84.png 230w, https:\/\/www.gadconcepcion.gob.ec\/wp-content\/uploads\/2019\/10\/concepcion064-350x128.png 350w, https:\/\/www.gadconcepcion.gob.ec\/wp-content\/uploads\/2019\/10\/concepcion064-480x176.png 480w\" sizes=\"(max-width: 782px) 100vw, 782px\" \/><\/figure>\n\n\n\n<p>En\nla parroquia con excepci\u00f3n de la palma aceitera, no existan grandes extensiones\nde cultivos agr\u00edcolas, las unidades de producci\u00f3n fluct\u00faan entre 2,00 y 5,00\nhect\u00e1reas\/familia. La producci\u00f3n es diversa y solamente productos, como: palma\naceitera, cacao, coco, pl\u00e1tano y pimienta negra, son comercializados; las\nfrutales y cultivos de ciclo corto, como: arroz, ma\u00edz, ca\u00f1a, naranja, maracuy\u00e1,\nzapote, aguacate, guabas, papaya entre otros, en su mayor porcentaje dirigida\nal autoconsumo.<\/p>\n\n\n\n<p>Los\nvol\u00famenes de producci\u00f3n por unidad de producci\u00f3n son bajos relacionados con\notras sectores de la provincia y el pa\u00eds, sin embrago se calcula que estos podr\u00edan\naumentar considerablemente, si los productores recibieran capacitaci\u00f3n\nasistencia t\u00e9cnica permanente y sistematizada<\/p>\n\n\n\n<p>En lo relacionado a la ganader\u00eda, esta es muy incipiente y se concentra en cr\u00eda y manejo de ganado vacuno con doble prop\u00f3sito, cuyo ato en toda la parroquia no pasa de las 1000 animales, las producci\u00f3n de las otras especies de ganado no existe o es muy baja, como es el caso del porcino.<\/p>\n\n\n\n<figure class=\"wp-block-image is-resized\"><img loading=\"lazy\" decoding=\"async\" src=\"http:\/\/www.gadconcepcion.gob.ec\/wp-content\/uploads\/2019\/10\/concepcion0764.png\" alt=\"\" class=\"wp-image-372\" width=\"779\" height=\"293\" srcset=\"https:\/\/www.gadconcepcion.gob.ec\/wp-content\/uploads\/2019\/10\/concepcion0764.png 648w, https:\/\/www.gadconcepcion.gob.ec\/wp-content\/uploads\/2019\/10\/concepcion0764-300x113.png 300w, https:\/\/www.gadconcepcion.gob.ec\/wp-content\/uploads\/2019\/10\/concepcion0764-230x87.png 230w, https:\/\/www.gadconcepcion.gob.ec\/wp-content\/uploads\/2019\/10\/concepcion0764-350x132.png 350w, https:\/\/www.gadconcepcion.gob.ec\/wp-content\/uploads\/2019\/10\/concepcion0764-480x181.png 480w\" sizes=\"(max-width: 779px) 100vw, 779px\" \/><\/figure>\n","protected":false},"excerpt":{"rendered":"<p>Concepci\u00f3n. Dentro de la parroquia Concepci\u00f3n en lo que respecta al territorio sus moradores est\u00e1n integrados en una organizaci\u00f3n macro denominada Comuna R\u00edo Santiago y la comuna R\u00edo Bogot\u00e1 como las m\u00e1s grandes; sin embargo los habitantes de este sector se encuentran organizados en clubes deportivos, tanto de mujeres como de hombres, adem\u00e1s existe una [&hellip;]<\/p>\n","protected":false},"author":1,"featured_media":0,"parent":0,"menu_order":0,"comment_status":"closed","ping_status":"closed","template":"","meta":{"footnotes":""},"yoast_head":"<!-- This site is optimized with the Yoast SEO Premium plugin v22.7 (Yoast SEO v22.7) - https:\/\/yoast.com\/wordpress\/plugins\/seo\/ -->\n<title>Parroquia - GAD Parroquial Concepci\u00f3n<\/title>\n<meta name=\"robots\" content=\"index, follow, max-snippet:-1, max-image-preview:large, max-video-preview:-1\" \/>\n<link rel=\"canonical\" href=\"http:\/\/www.gadconcepcion.gob.ec\/?page_id=192\" \/>\n<meta property=\"og:locale\" content=\"es_ES\" \/>\n<meta property=\"og:type\" content=\"article\" \/>\n<meta property=\"og:title\" content=\"Parroquia\" \/>\n<meta property=\"og:description\" content=\"Concepci\u00f3n. Dentro de la parroquia Concepci\u00f3n en lo que respecta al territorio sus moradores est\u00e1n integrados en una organizaci\u00f3n macro denominada Comuna R\u00edo Santiago y la comuna R\u00edo Bogot\u00e1 como las m\u00e1s grandes; sin embargo los habitantes de este sector se encuentran organizados en clubes deportivos, tanto de mujeres como de hombres, adem\u00e1s existe una [&hellip;]\" \/>\n<meta property=\"og:url\" content=\"http:\/\/www.gadconcepcion.gob.ec\/?page_id=192\" \/>\n<meta property=\"og:site_name\" content=\"GAD Parroquial Concepci\u00f3n\" \/>\n<meta property=\"article:modified_time\" content=\"2019-10-14T21:19:59+00:00\" \/>\n<meta property=\"og:image\" content=\"http:\/\/www.gadconcepcion.gob.ec\/wp-content\/uploads\/2019\/10\/concepcion090.png\" \/>\n<meta name=\"twitter:card\" content=\"summary_large_image\" \/>\n<meta name=\"twitter:label1\" content=\"Tiempo de lectura\" \/>\n\t<meta name=\"twitter:data1\" content=\"4 minutos\" \/>\n<script type=\"application\/ld+json\" class=\"yoast-schema-graph\">{\"@context\":\"https:\/\/schema.org\",\"@graph\":[{\"@type\":\"WebPage\",\"@id\":\"http:\/\/www.gadconcepcion.gob.ec\/?page_id=192\",\"url\":\"http:\/\/www.gadconcepcion.gob.ec\/?page_id=192\",\"name\":\"Parroquia - GAD Parroquial Concepci\u00f3n\",\"isPartOf\":{\"@id\":\"https:\/\/www.gadconcepcion.gob.ec\/#website\"},\"primaryImageOfPage\":{\"@id\":\"http:\/\/www.gadconcepcion.gob.ec\/?page_id=192#primaryimage\"},\"image\":{\"@id\":\"http:\/\/www.gadconcepcion.gob.ec\/?page_id=192#primaryimage\"},\"thumbnailUrl\":\"http:\/\/www.gadconcepcion.gob.ec\/wp-content\/uploads\/2019\/10\/concepcion090.png\",\"datePublished\":\"2019-10-08T02:48:59+00:00\",\"dateModified\":\"2019-10-14T21:19:59+00:00\",\"breadcrumb\":{\"@id\":\"http:\/\/www.gadconcepcion.gob.ec\/?page_id=192#breadcrumb\"},\"inLanguage\":\"es\",\"potentialAction\":[{\"@type\":\"ReadAction\",\"target\":[\"http:\/\/www.gadconcepcion.gob.ec\/?page_id=192\"]}]},{\"@type\":\"ImageObject\",\"inLanguage\":\"es\",\"@id\":\"http:\/\/www.gadconcepcion.gob.ec\/?page_id=192#primaryimage\",\"url\":\"https:\/\/www.gadconcepcion.gob.ec\/wp-content\/uploads\/2019\/10\/concepcion090.png\",\"contentUrl\":\"https:\/\/www.gadconcepcion.gob.ec\/wp-content\/uploads\/2019\/10\/concepcion090.png\",\"width\":651,\"height\":224},{\"@type\":\"BreadcrumbList\",\"@id\":\"http:\/\/www.gadconcepcion.gob.ec\/?page_id=192#breadcrumb\",\"itemListElement\":[{\"@type\":\"ListItem\",\"position\":1,\"name\":\"Portada\",\"item\":\"https:\/\/www.gadconcepcion.gob.ec\/\"},{\"@type\":\"ListItem\",\"position\":2,\"name\":\"Parroquia\"}]},{\"@type\":\"WebSite\",\"@id\":\"https:\/\/www.gadconcepcion.gob.ec\/#website\",\"url\":\"https:\/\/www.gadconcepcion.gob.ec\/\",\"name\":\"GAD Parroquial Concepci\u00f3n\",\"description\":\"\",\"publisher\":{\"@id\":\"https:\/\/www.gadconcepcion.gob.ec\/#organization\"},\"potentialAction\":[{\"@type\":\"SearchAction\",\"target\":{\"@type\":\"EntryPoint\",\"urlTemplate\":\"https:\/\/www.gadconcepcion.gob.ec\/?s={search_term_string}\"},\"query-input\":\"required name=search_term_string\"}],\"inLanguage\":\"es\"},{\"@type\":\"Organization\",\"@id\":\"https:\/\/www.gadconcepcion.gob.ec\/#organization\",\"name\":\"GAD Parroquial Concepci\u00f3n\",\"url\":\"https:\/\/www.gadconcepcion.gob.ec\/\",\"logo\":{\"@type\":\"ImageObject\",\"inLanguage\":\"es\",\"@id\":\"https:\/\/www.gadconcepcion.gob.ec\/#\/schema\/logo\/image\/\",\"url\":\"https:\/\/www.gadconcepcion.gob.ec\/wp-content\/uploads\/2024\/06\/LOGO-02.png\",\"contentUrl\":\"https:\/\/www.gadconcepcion.gob.ec\/wp-content\/uploads\/2024\/06\/LOGO-02.png\",\"width\":512,\"height\":174,\"caption\":\"GAD Parroquial Concepci\u00f3n\"},\"image\":{\"@id\":\"https:\/\/www.gadconcepcion.gob.ec\/#\/schema\/logo\/image\/\"}}]}<\/script>\n<!-- \/ Yoast SEO Premium plugin. -->","yoast_head_json":{"title":"Parroquia - GAD Parroquial Concepci\u00f3n","robots":{"index":"index","follow":"follow","max-snippet":"max-snippet:-1","max-image-preview":"max-image-preview:large","max-video-preview":"max-video-preview:-1"},"canonical":"http:\/\/www.gadconcepcion.gob.ec\/?page_id=192","og_locale":"es_ES","og_type":"article","og_title":"Parroquia","og_description":"Concepci\u00f3n. Dentro de la parroquia Concepci\u00f3n en lo que respecta al territorio sus moradores est\u00e1n integrados en una organizaci\u00f3n macro denominada Comuna R\u00edo Santiago y la comuna R\u00edo Bogot\u00e1 como las m\u00e1s grandes; sin embargo los habitantes de este sector se encuentran organizados en clubes deportivos, tanto de mujeres como de hombres, adem\u00e1s existe una [&hellip;]","og_url":"http:\/\/www.gadconcepcion.gob.ec\/?page_id=192","og_site_name":"GAD Parroquial Concepci\u00f3n","article_modified_time":"2019-10-14T21:19:59+00:00","og_image":[{"url":"http:\/\/www.gadconcepcion.gob.ec\/wp-content\/uploads\/2019\/10\/concepcion090.png"}],"twitter_card":"summary_large_image","twitter_misc":{"Tiempo de lectura":"4 minutos"},"schema":{"@context":"https:\/\/schema.org","@graph":[{"@type":"WebPage","@id":"http:\/\/www.gadconcepcion.gob.ec\/?page_id=192","url":"http:\/\/www.gadconcepcion.gob.ec\/?page_id=192","name":"Parroquia - GAD Parroquial Concepci\u00f3n","isPartOf":{"@id":"https:\/\/www.gadconcepcion.gob.ec\/#website"},"primaryImageOfPage":{"@id":"http:\/\/www.gadconcepcion.gob.ec\/?page_id=192#primaryimage"},"image":{"@id":"http:\/\/www.gadconcepcion.gob.ec\/?page_id=192#primaryimage"},"thumbnailUrl":"http:\/\/www.gadconcepcion.gob.ec\/wp-content\/uploads\/2019\/10\/concepcion090.png","datePublished":"2019-10-08T02:48:59+00:00","dateModified":"2019-10-14T21:19:59+00:00","breadcrumb":{"@id":"http:\/\/www.gadconcepcion.gob.ec\/?page_id=192#breadcrumb"},"inLanguage":"es","potentialAction":[{"@type":"ReadAction","target":["http:\/\/www.gadconcepcion.gob.ec\/?page_id=192"]}]},{"@type":"ImageObject","inLanguage":"es","@id":"http:\/\/www.gadconcepcion.gob.ec\/?page_id=192#primaryimage","url":"https:\/\/www.gadconcepcion.gob.ec\/wp-content\/uploads\/2019\/10\/concepcion090.png","contentUrl":"https:\/\/www.gadconcepcion.gob.ec\/wp-content\/uploads\/2019\/10\/concepcion090.png","width":651,"height":224},{"@type":"BreadcrumbList","@id":"http:\/\/www.gadconcepcion.gob.ec\/?page_id=192#breadcrumb","itemListElement":[{"@type":"ListItem","position":1,"name":"Portada","item":"https:\/\/www.gadconcepcion.gob.ec\/"},{"@type":"ListItem","position":2,"name":"Parroquia"}]},{"@type":"WebSite","@id":"https:\/\/www.gadconcepcion.gob.ec\/#website","url":"https:\/\/www.gadconcepcion.gob.ec\/","name":"GAD Parroquial Concepci\u00f3n","description":"","publisher":{"@id":"https:\/\/www.gadconcepcion.gob.ec\/#organization"},"potentialAction":[{"@type":"SearchAction","target":{"@type":"EntryPoint","urlTemplate":"https:\/\/www.gadconcepcion.gob.ec\/?s={search_term_string}"},"query-input":"required name=search_term_string"}],"inLanguage":"es"},{"@type":"Organization","@id":"https:\/\/www.gadconcepcion.gob.ec\/#organization","name":"GAD Parroquial Concepci\u00f3n","url":"https:\/\/www.gadconcepcion.gob.ec\/","logo":{"@type":"ImageObject","inLanguage":"es","@id":"https:\/\/www.gadconcepcion.gob.ec\/#\/schema\/logo\/image\/","url":"https:\/\/www.gadconcepcion.gob.ec\/wp-content\/uploads\/2024\/06\/LOGO-02.png","contentUrl":"https:\/\/www.gadconcepcion.gob.ec\/wp-content\/uploads\/2024\/06\/LOGO-02.png","width":512,"height":174,"caption":"GAD Parroquial Concepci\u00f3n"},"image":{"@id":"https:\/\/www.gadconcepcion.gob.ec\/#\/schema\/logo\/image\/"}}]}},"_links":{"self":[{"href":"https:\/\/www.gadconcepcion.gob.ec\/index.php?rest_route=\/wp\/v2\/pages\/192"}],"collection":[{"href":"https:\/\/www.gadconcepcion.gob.ec\/index.php?rest_route=\/wp\/v2\/pages"}],"about":[{"href":"https:\/\/www.gadconcepcion.gob.ec\/index.php?rest_route=\/wp\/v2\/types\/page"}],"author":[{"embeddable":true,"href":"https:\/\/www.gadconcepcion.gob.ec\/index.php?rest_route=\/wp\/v2\/users\/1"}],"replies":[{"embeddable":true,"href":"https:\/\/www.gadconcepcion.gob.ec\/index.php?rest_route=%2Fwp%2Fv2%2Fcomments&post=192"}],"version-history":[{"count":3,"href":"https:\/\/www.gadconcepcion.gob.ec\/index.php?rest_route=\/wp\/v2\/pages\/192\/revisions"}],"predecessor-version":[{"id":373,"href":"https:\/\/www.gadconcepcion.gob.ec\/index.php?rest_route=\/wp\/v2\/pages\/192\/revisions\/373"}],"wp:attachment":[{"href":"https:\/\/www.gadconcepcion.gob.ec\/index.php?rest_route=%2Fwp%2Fv2%2Fmedia&parent=192"}],"curies":[{"name":"wp","href":"https:\/\/api.w.org\/{rel}","templated":true}]}}