{"id":191,"date":"2019-10-08T02:48:59","date_gmt":"2019-10-08T02:48:59","guid":{"rendered":"http:\/\/www.gadconcepcion.gob.ec\/?page_id=191"},"modified":"2023-09-22T01:46:34","modified_gmt":"2023-09-22T01:46:34","slug":"mensaje-del-presidente","status":"publish","type":"page","link":"https:\/\/www.gadconcepcion.gob.ec\/?page_id=191","title":{"rendered":"Mensaje del Presidente"},"content":{"rendered":"\n<p class=\"has-text-color has-very-dark-gray-color\">El Gobierno\nParroquial de Concepci\u00f3n, tiene el honor de presenta a toda la comunidad\nvuestra Pagina Web: <strong>www.gadconcepcion.gob.ec.<\/strong><\/p>\n\n\n\n<p class=\"has-text-color has-very-dark-gray-color\">Es nuestro deber\ncumplir con nuestros mandantes en cumplimiento con los mandatos\nconstitucionales, y de acuerdo a la Ley, en concordancia con los objetivos del\nBuen Vivir, hemos emprendido una serie de acciones, con la finalidad de que\ntodos los comuneros, propendan con autonom\u00eda, fomentando la unidad, el\ndesarrollo aunando y mancomunado en nuestros territorios, planificando nuestro\nporvenir de manera sistem\u00e1tica y sist\u00e9mica con la importante participaci\u00f3n\nciudadana.<\/p>\n\n\n\n<p class=\"has-text-color has-very-dark-gray-color\">En este sentido,\nhemos venido trabajando con nuestros compa\u00f1eros del directorio conjuntamente\ncon las \u00e1reas Interinstitucionales, seguiremos en el futuro dando mayor\nproductividad y a poyo a vosotros parroquianos con la finalidad de estar acorde\nal Plan Nacional de Desarrollo y sus objetivos con este gobierno.<\/p>\n\n\n\n<p class=\"has-text-color has-very-dark-gray-color\">Al iniciar el segundo\nperiodo al frente del GAD Parroquial de Concepci\u00f3n quiero ratificar mi compromiso\ny el de mis compa\u00f1eros vocales, de trabajar unidos por convertir al territorio en\nel nuevo polo de desarrollo del Cant\u00f3n y la Provincia.<\/p>\n\n\n\n<p style=\"text-align:center\" class=\"has-text-color has-very-dark-gray-color\"><strong>Sr. Eleicer Estupi\u00f1an.<\/strong><\/p>\n\n\n\n<p style=\"text-align:center\"><strong>PRESIDENTE GAD PARROQUIAL RURAL CONCEPCION. <\/strong><\/p>\n","protected":false},"excerpt":{"rendered":"<p>El Gobierno Parroquial de Concepci\u00f3n, tiene el honor de presenta a toda la comunidad vuestra Pagina Web: www.gadconcepcion.gob.ec. Es nuestro deber cumplir con nuestros mandantes en cumplimiento con los mandatos constitucionales, y de acuerdo a la Ley, en concordancia con los objetivos del Buen Vivir, hemos emprendido una serie de acciones, con la finalidad de [&hellip;]<\/p>\n","protected":false},"author":1,"featured_media":0,"parent":0,"menu_order":0,"comment_status":"closed","ping_status":"closed","template":"","meta":{"footnotes":""},"yoast_head":"<!-- This site is optimized with the Yoast SEO Premium plugin v22.7 (Yoast SEO v22.7) - https:\/\/yoast.com\/wordpress\/plugins\/seo\/ -->\n<title>Mensaje del Presidente - GAD Parroquial Concepci\u00f3n<\/title>\n<meta name=\"robots\" content=\"index, follow, max-snippet:-1, max-image-preview:large, max-video-preview:-1\" \/>\n<link rel=\"canonical\" href=\"http:\/\/www.gadconcepcion.gob.ec\/?page_id=191\" \/>\n<meta property=\"og:locale\" content=\"es_ES\" \/>\n<meta property=\"og:type\" content=\"article\" \/>\n<meta property=\"og:title\" content=\"Mensaje del Presidente\" \/>\n<meta property=\"og:description\" content=\"El Gobierno Parroquial de Concepci\u00f3n, tiene el honor de presenta a toda la comunidad vuestra Pagina Web: www.gadconcepcion.gob.ec. Es nuestro deber cumplir con nuestros mandantes en cumplimiento con los mandatos constitucionales, y de acuerdo a la Ley, en concordancia con los objetivos del Buen Vivir, hemos emprendido una serie de acciones, con la finalidad de [&hellip;]\" \/>\n<meta property=\"og:url\" content=\"http:\/\/www.gadconcepcion.gob.ec\/?page_id=191\" \/>\n<meta property=\"og:site_name\" content=\"GAD Parroquial Concepci\u00f3n\" \/>\n<meta property=\"article:modified_time\" content=\"2023-09-22T01:46:34+00:00\" \/>\n<meta name=\"twitter:card\" content=\"summary_large_image\" \/>\n<meta name=\"twitter:label1\" content=\"Tiempo de lectura\" \/>\n\t<meta name=\"twitter:data1\" content=\"1 minuto\" \/>\n<script type=\"application\/ld+json\" class=\"yoast-schema-graph\">{\"@context\":\"https:\/\/schema.org\",\"@graph\":[{\"@type\":\"WebPage\",\"@id\":\"http:\/\/www.gadconcepcion.gob.ec\/?page_id=191\",\"url\":\"http:\/\/www.gadconcepcion.gob.ec\/?page_id=191\",\"name\":\"Mensaje del Presidente - GAD Parroquial Concepci\u00f3n\",\"isPartOf\":{\"@id\":\"https:\/\/www.gadconcepcion.gob.ec\/#website\"},\"datePublished\":\"2019-10-08T02:48:59+00:00\",\"dateModified\":\"2023-09-22T01:46:34+00:00\",\"breadcrumb\":{\"@id\":\"http:\/\/www.gadconcepcion.gob.ec\/?page_id=191#breadcrumb\"},\"inLanguage\":\"es\",\"potentialAction\":[{\"@type\":\"ReadAction\",\"target\":[\"http:\/\/www.gadconcepcion.gob.ec\/?page_id=191\"]}]},{\"@type\":\"BreadcrumbList\",\"@id\":\"http:\/\/www.gadconcepcion.gob.ec\/?page_id=191#breadcrumb\",\"itemListElement\":[{\"@type\":\"ListItem\",\"position\":1,\"name\":\"Portada\",\"item\":\"https:\/\/www.gadconcepcion.gob.ec\/\"},{\"@type\":\"ListItem\",\"position\":2,\"name\":\"Mensaje del Presidente\"}]},{\"@type\":\"WebSite\",\"@id\":\"https:\/\/www.gadconcepcion.gob.ec\/#website\",\"url\":\"https:\/\/www.gadconcepcion.gob.ec\/\",\"name\":\"GAD Parroquial Concepci\u00f3n\",\"description\":\"\",\"publisher\":{\"@id\":\"https:\/\/www.gadconcepcion.gob.ec\/#organization\"},\"potentialAction\":[{\"@type\":\"SearchAction\",\"target\":{\"@type\":\"EntryPoint\",\"urlTemplate\":\"https:\/\/www.gadconcepcion.gob.ec\/?s={search_term_string}\"},\"query-input\":\"required name=search_term_string\"}],\"inLanguage\":\"es\"},{\"@type\":\"Organization\",\"@id\":\"https:\/\/www.gadconcepcion.gob.ec\/#organization\",\"name\":\"GAD Parroquial Concepci\u00f3n\",\"url\":\"https:\/\/www.gadconcepcion.gob.ec\/\",\"logo\":{\"@type\":\"ImageObject\",\"inLanguage\":\"es\",\"@id\":\"https:\/\/www.gadconcepcion.gob.ec\/#\/schema\/logo\/image\/\",\"url\":\"https:\/\/www.gadconcepcion.gob.ec\/wp-content\/uploads\/2024\/06\/LOGO-02.png\",\"contentUrl\":\"https:\/\/www.gadconcepcion.gob.ec\/wp-content\/uploads\/2024\/06\/LOGO-02.png\",\"width\":512,\"height\":174,\"caption\":\"GAD Parroquial Concepci\u00f3n\"},\"image\":{\"@id\":\"https:\/\/www.gadconcepcion.gob.ec\/#\/schema\/logo\/image\/\"}}]}<\/script>\n<!-- \/ Yoast SEO Premium plugin. -->","yoast_head_json":{"title":"Mensaje del Presidente - GAD Parroquial Concepci\u00f3n","robots":{"index":"index","follow":"follow","max-snippet":"max-snippet:-1","max-image-preview":"max-image-preview:large","max-video-preview":"max-video-preview:-1"},"canonical":"http:\/\/www.gadconcepcion.gob.ec\/?page_id=191","og_locale":"es_ES","og_type":"article","og_title":"Mensaje del Presidente","og_description":"El Gobierno Parroquial de Concepci\u00f3n, tiene el honor de presenta a toda la comunidad vuestra Pagina Web: www.gadconcepcion.gob.ec. Es nuestro deber cumplir con nuestros mandantes en cumplimiento con los mandatos constitucionales, y de acuerdo a la Ley, en concordancia con los objetivos del Buen Vivir, hemos emprendido una serie de acciones, con la finalidad de [&hellip;]","og_url":"http:\/\/www.gadconcepcion.gob.ec\/?page_id=191","og_site_name":"GAD Parroquial Concepci\u00f3n","article_modified_time":"2023-09-22T01:46:34+00:00","twitter_card":"summary_large_image","twitter_misc":{"Tiempo de lectura":"1 minuto"},"schema":{"@context":"https:\/\/schema.org","@graph":[{"@type":"WebPage","@id":"http:\/\/www.gadconcepcion.gob.ec\/?page_id=191","url":"http:\/\/www.gadconcepcion.gob.ec\/?page_id=191","name":"Mensaje del Presidente - GAD Parroquial Concepci\u00f3n","isPartOf":{"@id":"https:\/\/www.gadconcepcion.gob.ec\/#website"},"datePublished":"2019-10-08T02:48:59+00:00","dateModified":"2023-09-22T01:46:34+00:00","breadcrumb":{"@id":"http:\/\/www.gadconcepcion.gob.ec\/?page_id=191#breadcrumb"},"inLanguage":"es","potentialAction":[{"@type":"ReadAction","target":["http:\/\/www.gadconcepcion.gob.ec\/?page_id=191"]}]},{"@type":"BreadcrumbList","@id":"http:\/\/www.gadconcepcion.gob.ec\/?page_id=191#breadcrumb","itemListElement":[{"@type":"ListItem","position":1,"name":"Portada","item":"https:\/\/www.gadconcepcion.gob.ec\/"},{"@type":"ListItem","position":2,"name":"Mensaje del Presidente"}]},{"@type":"WebSite","@id":"https:\/\/www.gadconcepcion.gob.ec\/#website","url":"https:\/\/www.gadconcepcion.gob.ec\/","name":"GAD Parroquial Concepci\u00f3n","description":"","publisher":{"@id":"https:\/\/www.gadconcepcion.gob.ec\/#organization"},"potentialAction":[{"@type":"SearchAction","target":{"@type":"EntryPoint","urlTemplate":"https:\/\/www.gadconcepcion.gob.ec\/?s={search_term_string}"},"query-input":"required name=search_term_string"}],"inLanguage":"es"},{"@type":"Organization","@id":"https:\/\/www.gadconcepcion.gob.ec\/#organization","name":"GAD Parroquial Concepci\u00f3n","url":"https:\/\/www.gadconcepcion.gob.ec\/","logo":{"@type":"ImageObject","inLanguage":"es","@id":"https:\/\/www.gadconcepcion.gob.ec\/#\/schema\/logo\/image\/","url":"https:\/\/www.gadconcepcion.gob.ec\/wp-content\/uploads\/2024\/06\/LOGO-02.png","contentUrl":"https:\/\/www.gadconcepcion.gob.ec\/wp-content\/uploads\/2024\/06\/LOGO-02.png","width":512,"height":174,"caption":"GAD Parroquial Concepci\u00f3n"},"image":{"@id":"https:\/\/www.gadconcepcion.gob.ec\/#\/schema\/logo\/image\/"}}]}},"_links":{"self":[{"href":"https:\/\/www.gadconcepcion.gob.ec\/index.php?rest_route=\/wp\/v2\/pages\/191"}],"collection":[{"href":"https:\/\/www.gadconcepcion.gob.ec\/index.php?rest_route=\/wp\/v2\/pages"}],"about":[{"href":"https:\/\/www.gadconcepcion.gob.ec\/index.php?rest_route=\/wp\/v2\/types\/page"}],"author":[{"embeddable":true,"href":"https:\/\/www.gadconcepcion.gob.ec\/index.php?rest_route=\/wp\/v2\/users\/1"}],"replies":[{"embeddable":true,"href":"https:\/\/www.gadconcepcion.gob.ec\/index.php?rest_route=%2Fwp%2Fv2%2Fcomments&post=191"}],"version-history":[{"count":2,"href":"https:\/\/www.gadconcepcion.gob.ec\/index.php?rest_route=\/wp\/v2\/pages\/191\/revisions"}],"predecessor-version":[{"id":1509,"href":"https:\/\/www.gadconcepcion.gob.ec\/index.php?rest_route=\/wp\/v2\/pages\/191\/revisions\/1509"}],"wp:attachment":[{"href":"https:\/\/www.gadconcepcion.gob.ec\/index.php?rest_route=%2Fwp%2Fv2%2Fmedia&parent=191"}],"curies":[{"name":"wp","href":"https:\/\/api.w.org\/{rel}","templated":true}]}}