{"id":187,"date":"2019-10-08T02:48:59","date_gmt":"2019-10-08T02:48:59","guid":{"rendered":"http:\/\/www.gadconcepcion.gob.ec\/?page_id=187"},"modified":"2019-10-14T20:16:15","modified_gmt":"2019-10-14T20:16:15","slug":"vision","status":"publish","type":"page","link":"https:\/\/www.gadconcepcion.gob.ec\/?page_id=187","title":{"rendered":"Visi\u00f3n"},"content":{"rendered":"\n<p>En el a\u00f1o 2025, Concepci\u00f3n es una parroquia que crece de manera ordenada, con servicios b\u00e1sicos, salud y educaci\u00f3n de calidad, un adecuado sistema vial, energ\u00e9tico y de comunicaci\u00f3n. El GAD parroquial es una instituci\u00f3n fortalecida que promueve la inclusi\u00f3n, la cultura, la participaci\u00f3n ciudadana, fomentando el desarrollo econ\u00f3mico-productivo, el uso responsable de los recursos naturales y el cuidado del ambiente, aportando a la construcci\u00f3n del buen vivir.<\/p>\n","protected":false},"excerpt":{"rendered":"<p>En el a\u00f1o 2025, Concepci\u00f3n es una parroquia que crece de manera ordenada, con servicios b\u00e1sicos, salud y educaci\u00f3n de calidad, un adecuado sistema vial, energ\u00e9tico y de comunicaci\u00f3n. El GAD parroquial es una instituci\u00f3n fortalecida que promueve la inclusi\u00f3n, la cultura, la participaci\u00f3n ciudadana, fomentando el desarrollo econ\u00f3mico-productivo, el uso responsable de los recursos [&hellip;]<\/p>\n","protected":false},"author":1,"featured_media":0,"parent":0,"menu_order":0,"comment_status":"closed","ping_status":"closed","template":"","meta":{"footnotes":""},"yoast_head":"<!-- This site is optimized with the Yoast SEO Premium plugin v22.7 (Yoast SEO v22.7) - https:\/\/yoast.com\/wordpress\/plugins\/seo\/ -->\n<title>Visi\u00f3n - GAD Parroquial Concepci\u00f3n<\/title>\n<meta name=\"robots\" content=\"index, follow, max-snippet:-1, max-image-preview:large, max-video-preview:-1\" \/>\n<link rel=\"canonical\" href=\"http:\/\/www.gadconcepcion.gob.ec\/?page_id=187\" \/>\n<meta property=\"og:locale\" content=\"es_ES\" \/>\n<meta property=\"og:type\" content=\"article\" \/>\n<meta property=\"og:title\" content=\"Visi\u00f3n\" \/>\n<meta property=\"og:description\" content=\"En el a\u00f1o 2025, Concepci\u00f3n es una parroquia que crece de manera ordenada, con servicios b\u00e1sicos, salud y educaci\u00f3n de calidad, un adecuado sistema vial, energ\u00e9tico y de comunicaci\u00f3n. El GAD parroquial es una instituci\u00f3n fortalecida que promueve la inclusi\u00f3n, la cultura, la participaci\u00f3n ciudadana, fomentando el desarrollo econ\u00f3mico-productivo, el uso responsable de los recursos [&hellip;]\" \/>\n<meta property=\"og:url\" content=\"http:\/\/www.gadconcepcion.gob.ec\/?page_id=187\" \/>\n<meta property=\"og:site_name\" content=\"GAD Parroquial Concepci\u00f3n\" \/>\n<meta property=\"article:modified_time\" content=\"2019-10-14T20:16:15+00:00\" \/>\n<meta name=\"twitter:card\" content=\"summary_large_image\" \/>\n<script type=\"application\/ld+json\" class=\"yoast-schema-graph\">{\"@context\":\"https:\/\/schema.org\",\"@graph\":[{\"@type\":\"WebPage\",\"@id\":\"http:\/\/www.gadconcepcion.gob.ec\/?page_id=187\",\"url\":\"http:\/\/www.gadconcepcion.gob.ec\/?page_id=187\",\"name\":\"Visi\u00f3n - GAD Parroquial Concepci\u00f3n\",\"isPartOf\":{\"@id\":\"https:\/\/www.gadconcepcion.gob.ec\/#website\"},\"datePublished\":\"2019-10-08T02:48:59+00:00\",\"dateModified\":\"2019-10-14T20:16:15+00:00\",\"breadcrumb\":{\"@id\":\"http:\/\/www.gadconcepcion.gob.ec\/?page_id=187#breadcrumb\"},\"inLanguage\":\"es\",\"potentialAction\":[{\"@type\":\"ReadAction\",\"target\":[\"http:\/\/www.gadconcepcion.gob.ec\/?page_id=187\"]}]},{\"@type\":\"BreadcrumbList\",\"@id\":\"http:\/\/www.gadconcepcion.gob.ec\/?page_id=187#breadcrumb\",\"itemListElement\":[{\"@type\":\"ListItem\",\"position\":1,\"name\":\"Portada\",\"item\":\"https:\/\/www.gadconcepcion.gob.ec\/\"},{\"@type\":\"ListItem\",\"position\":2,\"name\":\"Visi\u00f3n\"}]},{\"@type\":\"WebSite\",\"@id\":\"https:\/\/www.gadconcepcion.gob.ec\/#website\",\"url\":\"https:\/\/www.gadconcepcion.gob.ec\/\",\"name\":\"GAD Parroquial Concepci\u00f3n\",\"description\":\"\",\"publisher\":{\"@id\":\"https:\/\/www.gadconcepcion.gob.ec\/#organization\"},\"potentialAction\":[{\"@type\":\"SearchAction\",\"target\":{\"@type\":\"EntryPoint\",\"urlTemplate\":\"https:\/\/www.gadconcepcion.gob.ec\/?s={search_term_string}\"},\"query-input\":\"required name=search_term_string\"}],\"inLanguage\":\"es\"},{\"@type\":\"Organization\",\"@id\":\"https:\/\/www.gadconcepcion.gob.ec\/#organization\",\"name\":\"GAD Parroquial Concepci\u00f3n\",\"url\":\"https:\/\/www.gadconcepcion.gob.ec\/\",\"logo\":{\"@type\":\"ImageObject\",\"inLanguage\":\"es\",\"@id\":\"https:\/\/www.gadconcepcion.gob.ec\/#\/schema\/logo\/image\/\",\"url\":\"https:\/\/www.gadconcepcion.gob.ec\/wp-content\/uploads\/2024\/06\/LOGO-02.png\",\"contentUrl\":\"https:\/\/www.gadconcepcion.gob.ec\/wp-content\/uploads\/2024\/06\/LOGO-02.png\",\"width\":512,\"height\":174,\"caption\":\"GAD Parroquial Concepci\u00f3n\"},\"image\":{\"@id\":\"https:\/\/www.gadconcepcion.gob.ec\/#\/schema\/logo\/image\/\"}}]}<\/script>\n<!-- \/ Yoast SEO Premium plugin. -->","yoast_head_json":{"title":"Visi\u00f3n - GAD Parroquial Concepci\u00f3n","robots":{"index":"index","follow":"follow","max-snippet":"max-snippet:-1","max-image-preview":"max-image-preview:large","max-video-preview":"max-video-preview:-1"},"canonical":"http:\/\/www.gadconcepcion.gob.ec\/?page_id=187","og_locale":"es_ES","og_type":"article","og_title":"Visi\u00f3n","og_description":"En el a\u00f1o 2025, Concepci\u00f3n es una parroquia que crece de manera ordenada, con servicios b\u00e1sicos, salud y educaci\u00f3n de calidad, un adecuado sistema vial, energ\u00e9tico y de comunicaci\u00f3n. El GAD parroquial es una instituci\u00f3n fortalecida que promueve la inclusi\u00f3n, la cultura, la participaci\u00f3n ciudadana, fomentando el desarrollo econ\u00f3mico-productivo, el uso responsable de los recursos [&hellip;]","og_url":"http:\/\/www.gadconcepcion.gob.ec\/?page_id=187","og_site_name":"GAD Parroquial Concepci\u00f3n","article_modified_time":"2019-10-14T20:16:15+00:00","twitter_card":"summary_large_image","schema":{"@context":"https:\/\/schema.org","@graph":[{"@type":"WebPage","@id":"http:\/\/www.gadconcepcion.gob.ec\/?page_id=187","url":"http:\/\/www.gadconcepcion.gob.ec\/?page_id=187","name":"Visi\u00f3n - GAD Parroquial Concepci\u00f3n","isPartOf":{"@id":"https:\/\/www.gadconcepcion.gob.ec\/#website"},"datePublished":"2019-10-08T02:48:59+00:00","dateModified":"2019-10-14T20:16:15+00:00","breadcrumb":{"@id":"http:\/\/www.gadconcepcion.gob.ec\/?page_id=187#breadcrumb"},"inLanguage":"es","potentialAction":[{"@type":"ReadAction","target":["http:\/\/www.gadconcepcion.gob.ec\/?page_id=187"]}]},{"@type":"BreadcrumbList","@id":"http:\/\/www.gadconcepcion.gob.ec\/?page_id=187#breadcrumb","itemListElement":[{"@type":"ListItem","position":1,"name":"Portada","item":"https:\/\/www.gadconcepcion.gob.ec\/"},{"@type":"ListItem","position":2,"name":"Visi\u00f3n"}]},{"@type":"WebSite","@id":"https:\/\/www.gadconcepcion.gob.ec\/#website","url":"https:\/\/www.gadconcepcion.gob.ec\/","name":"GAD Parroquial Concepci\u00f3n","description":"","publisher":{"@id":"https:\/\/www.gadconcepcion.gob.ec\/#organization"},"potentialAction":[{"@type":"SearchAction","target":{"@type":"EntryPoint","urlTemplate":"https:\/\/www.gadconcepcion.gob.ec\/?s={search_term_string}"},"query-input":"required name=search_term_string"}],"inLanguage":"es"},{"@type":"Organization","@id":"https:\/\/www.gadconcepcion.gob.ec\/#organization","name":"GAD Parroquial Concepci\u00f3n","url":"https:\/\/www.gadconcepcion.gob.ec\/","logo":{"@type":"ImageObject","inLanguage":"es","@id":"https:\/\/www.gadconcepcion.gob.ec\/#\/schema\/logo\/image\/","url":"https:\/\/www.gadconcepcion.gob.ec\/wp-content\/uploads\/2024\/06\/LOGO-02.png","contentUrl":"https:\/\/www.gadconcepcion.gob.ec\/wp-content\/uploads\/2024\/06\/LOGO-02.png","width":512,"height":174,"caption":"GAD Parroquial Concepci\u00f3n"},"image":{"@id":"https:\/\/www.gadconcepcion.gob.ec\/#\/schema\/logo\/image\/"}}]}},"_links":{"self":[{"href":"https:\/\/www.gadconcepcion.gob.ec\/index.php?rest_route=\/wp\/v2\/pages\/187"}],"collection":[{"href":"https:\/\/www.gadconcepcion.gob.ec\/index.php?rest_route=\/wp\/v2\/pages"}],"about":[{"href":"https:\/\/www.gadconcepcion.gob.ec\/index.php?rest_route=\/wp\/v2\/types\/page"}],"author":[{"embeddable":true,"href":"https:\/\/www.gadconcepcion.gob.ec\/index.php?rest_route=\/wp\/v2\/users\/1"}],"replies":[{"embeddable":true,"href":"https:\/\/www.gadconcepcion.gob.ec\/index.php?rest_route=%2Fwp%2Fv2%2Fcomments&post=187"}],"version-history":[{"count":3,"href":"https:\/\/www.gadconcepcion.gob.ec\/index.php?rest_route=\/wp\/v2\/pages\/187\/revisions"}],"predecessor-version":[{"id":347,"href":"https:\/\/www.gadconcepcion.gob.ec\/index.php?rest_route=\/wp\/v2\/pages\/187\/revisions\/347"}],"wp:attachment":[{"href":"https:\/\/www.gadconcepcion.gob.ec\/index.php?rest_route=%2Fwp%2Fv2%2Fmedia&parent=187"}],"curies":[{"name":"wp","href":"https:\/\/api.w.org\/{rel}","templated":true}]}}