{"id":1811,"date":"2024-02-16T01:59:38","date_gmt":"2024-02-16T01:59:38","guid":{"rendered":"http:\/\/www.gadconcepcion.gob.ec\/?page_id=1811"},"modified":"2024-08-28T14:25:35","modified_gmt":"2024-08-28T14:25:35","slug":"agosto-5","status":"publish","type":"page","link":"https:\/\/www.gadconcepcion.gob.ec\/?page_id=1811","title":{"rendered":"AGOSTO"},"content":{"rendered":"\t\t<div data-elementor-type=\"wp-page\" data-elementor-id=\"1811\" class=\"elementor elementor-1811\" data-elementor-post-type=\"page\">\n\t\t\t\t\t\t<section class=\"elementor-section elementor-top-section elementor-element elementor-element-194b744 elementor-section-boxed elementor-section-height-default elementor-section-height-default\" data-id=\"194b744\" data-element_type=\"section\">\n\t\t\t\t\t\t<div class=\"elementor-container elementor-column-gap-default\">\n\t\t\t\t\t<div class=\"elementor-column elementor-col-100 elementor-top-column elementor-element elementor-element-7d9e6925\" data-id=\"7d9e6925\" data-element_type=\"column\">\n\t\t\t<div class=\"elementor-widget-wrap elementor-element-populated\">\n\t\t\t\t\t\t<div class=\"elementor-element elementor-element-3f097a6f elementor-widget elementor-widget-text-editor\" data-id=\"3f097a6f\" data-element_type=\"widget\" data-settings=\"{&quot;ekit_we_effect_on&quot;:&quot;none&quot;}\" data-widget_type=\"text-editor.default\">\n\t\t\t\t<div class=\"elementor-widget-container\">\n\t\t\t\t\t\t\t<!-- wp:paragraph -->\n<p><strong>Art\u00edculo 19<\/strong><\/p>\n<!-- \/wp:paragraph --><!-- wp:paragraph -->\n<p><a href=\"http:\/\/www.gadconcepcion.gob.ec\/wp-content\/uploads\/2024\/08\/1_1-estructura-organica-2.zip\"><strong>1.1 Estructura org\u00e1nica<\/strong><\/a><\/p>\n<!-- \/wp:paragraph --><!-- wp:paragraph --><!-- \/wp:paragraph --><!-- wp:paragraph -->\n<p><a href=\"http:\/\/www.gadconcepcion.gob.ec\/wp-content\/uploads\/2024\/08\/1_2-1_3-base-legal-regulaciones-procedimientos-internos-1.zip\"><strong>1.2-1.3 Base Legal Regulaciones Procedimientos Internos<\/strong><\/a><\/p>\n<!-- \/wp:paragraph --><!-- wp:paragraph --><!-- \/wp:paragraph --><!-- wp:paragraph -->\n<p><a href=\"http:\/\/www.gadconcepcion.gob.ec\/wp-content\/uploads\/2024\/08\/1-4_metas-y-objetivos_unidades-1.zip\"><strong>1.4 Metas y objetivos unidades<\/strong><\/a><\/p>\n<!-- \/wp:paragraph --><!-- wp:paragraph --><!-- \/wp:paragraph --><!-- wp:paragraph -->\n<p><a href=\"http:\/\/www.gadconcepcion.gob.ec\/wp-content\/uploads\/2024\/08\/2_1-2_2-directorio-y-distributivo-personal-de-la-entidad-1.zip\"><strong>2.1-2.2 Directorio y distributivo personal de la entidad<\/strong><\/a><\/p>\n<!-- \/wp:paragraph --><!-- wp:paragraph --><!-- \/wp:paragraph --><!-- wp:paragraph -->\n<p><a href=\"http:\/\/www.gadconcepcion.gob.ec\/wp-content\/uploads\/2024\/08\/3-remuneraciones-ingresos-adicionales-1.zip\"><strong>3. Remuneraciones ingresos adicionales<\/strong><\/a><\/p>\n<!-- \/wp:paragraph --><!-- wp:paragraph --><!-- \/wp:paragraph --><!-- wp:paragraph -->\n<p><a href=\"http:\/\/www.gadconcepcion.gob.ec\/wp-content\/uploads\/2024\/08\/4-detalle-licencia-comisiones-1.zip\"><strong>4. Detalle licencia comisiones<\/strong><\/a><\/p>\n<!-- \/wp:paragraph --><!-- wp:paragraph --><!-- \/wp:paragraph --><!-- wp:paragraph -->\n<p><a href=\"http:\/\/www.gadconcepcion.gob.ec\/wp-content\/uploads\/2024\/08\/5_22-servicios-formularios-formatos-tramites-1.zip\"><strong>5-22 Servicios -formularios-formatos-tr\u00e1mites<\/strong><\/a><\/p>\n<!-- \/wp:paragraph --><!-- wp:paragraph --><!-- \/wp:paragraph --><!-- wp:paragraph -->\n<p><a href=\"http:\/\/www.gadconcepcion.gob.ec\/wp-content\/uploads\/2024\/08\/6-presupuesto-de-la-institucion-1.zip\"><strong>6. Presupuesto de la instituci\u00f3n<\/strong><\/a><\/p>\n<!-- \/wp:paragraph --><!-- wp:paragraph --><!-- \/wp:paragraph --><!-- wp:paragraph -->\n<p><a href=\"http:\/\/www.gadconcepcion.gob.ec\/wp-content\/uploads\/2024\/08\/7-resultados-de-las-auditorias-internas-y-gubernamentales-1.zip\"><strong>7. Resultados de las auditor\u00edas internas y gubernamentales<\/strong><\/a><\/p>\n<!-- \/wp:paragraph --><!-- wp:paragraph --><!-- \/wp:paragraph --><!-- wp:paragraph -->\n<p><a href=\"http:\/\/www.gadconcepcion.gob.ec\/wp-content\/uploads\/2024\/08\/8-procesos-de-contratacion-publica-1.zip\"><strong>8. Procesos de contrataci\u00f3n publica<\/strong><\/a><\/p>\n<!-- \/wp:paragraph --><!-- wp:paragraph --><!-- \/wp:paragraph --><!-- wp:paragraph -->\n<p><a href=\"http:\/\/www.gadconcepcion.gob.ec\/wp-content\/uploads\/2024\/08\/9-listado-de-empresas-y-personas-que-han-incumplido-contratos-1.zip\"><strong>9. Listado de empresas y personas que han incumplido contratos<\/strong><\/a><\/p>\n<!-- \/wp:paragraph --><!-- wp:paragraph --><!-- \/wp:paragraph --><!-- wp:paragraph -->\n<p><a href=\"http:\/\/www.gadconcepcion.gob.ec\/wp-content\/uploads\/2024\/08\/10-planes-y-programas-1.zip\"><strong>10. Planes y programas<\/strong><\/a><\/p>\n<!-- \/wp:paragraph --><!-- wp:paragraph --><!-- \/wp:paragraph --><!-- wp:paragraph -->\n<p><a href=\"http:\/\/www.gadconcepcion.gob.ec\/wp-content\/uploads\/2024\/08\/11-contratos-de-credito-externos-o-internos-1.zip\"><strong>11. Contratos de cr\u00e9dito externos o internos<\/strong><\/a><\/p>\n<!-- \/wp:paragraph --><!-- wp:paragraph --><!-- \/wp:paragraph --><!-- wp:paragraph -->\n<p><a href=\"http:\/\/www.gadconcepcion.gob.ec\/wp-content\/uploads\/2024\/08\/12-mecanismos-rendicion-cuentas-1.zip\"><strong>12. Mecanismos rendici\u00f3n cuentas<\/strong><\/a><\/p>\n<!-- \/wp:paragraph --><!-- wp:paragraph --><!-- \/wp:paragraph --><!-- wp:paragraph -->\n<p><a href=\"http:\/\/www.gadconcepcion.gob.ec\/wp-content\/uploads\/2024\/08\/13-viaticos-informes-de-trabajo-y-justificativos-de-movilizacion-1.zip\"><strong>13. Vi\u00e1ticos informes de trabajo y justificativos de movilizaci\u00f3n<\/strong><\/a><\/p>\n<!-- \/wp:paragraph --><!-- wp:paragraph --><!-- \/wp:paragraph --><!-- wp:paragraph -->\n<p><a href=\"http:\/\/www.gadconcepcion.gob.ec\/wp-content\/uploads\/2024\/08\/14-responsables-del-acceso-de-informacion-publica-1.zip\"><strong>14. Responsables del acceso de informaci\u00f3n publica<\/strong><\/a><\/p>\n<!-- \/wp:paragraph --><!-- wp:paragraph --><!-- \/wp:paragraph --><!-- wp:paragraph -->\n<p><a href=\"http:\/\/www.gadconcepcion.gob.ec\/wp-content\/uploads\/2024\/08\/15-texto-integro-de-los-contratos-colectivos-vigentes-y-reformas-1.zip\"><strong>15. Texto \u00edntegro de los contratos colectivos vigentes y reformas<\/strong><\/a><\/p>\n<!-- \/wp:paragraph --><!-- wp:paragraph --><!-- \/wp:paragraph --><!-- wp:paragraph -->\n<p><a href=\"http:\/\/www.gadconcepcion.gob.ec\/wp-content\/uploads\/2024\/08\/16-indice-informacion-reservada-1-1.zip\"><strong>16. Listado \u00edndice formaci\u00f3n reservada<\/strong><\/a><\/p>\n<!-- \/wp:paragraph --><!-- wp:paragraph --><!-- \/wp:paragraph --><!-- wp:paragraph -->\n<p><a href=\"http:\/\/www.gadconcepcion.gob.ec\/wp-content\/uploads\/2024\/08\/17-audiencias-y-reuniones-autoridades-1.zip\"><strong>17. Detalle de las audiencias y reuniones de autoridades<\/strong><\/a><\/p>\n<!-- \/wp:paragraph --><!-- wp:paragraph --><!-- \/wp:paragraph --><!-- wp:paragraph -->\n<p><a href=\"http:\/\/www.gadconcepcion.gob.ec\/wp-content\/uploads\/2024\/08\/18-detalle-de-convenios-nacionales-e-internacionales-1.zip\"><strong>18. Detalle de convenios nacionales e internacionales<\/strong><\/a><\/p>\n<!-- \/wp:paragraph --><!-- wp:paragraph --><!-- \/wp:paragraph --><!-- wp:paragraph -->\n<p><a href=\"http:\/\/www.gadconcepcion.gob.ec\/wp-content\/uploads\/2024\/08\/19-detalle-donativos-oficiales-y-protocolares.zip\"><strong>19. Detalle donativos oficiales y protocolares<\/strong><\/a><\/p>\n<!-- \/wp:paragraph --><!-- wp:paragraph --><!-- \/wp:paragraph --><!-- wp:paragraph -->\n<p><a href=\"http:\/\/www.gadconcepcion.gob.ec\/wp-content\/uploads\/2024\/08\/20-registro-de-activos-de-informacion-frecuente-y-complementaria-1.zip\"><strong>20. Registro de activos de informaci\u00f3n frecuente y complementaria<\/strong><\/a><\/p>\n<!-- \/wp:paragraph --><!-- wp:paragraph --><!-- \/wp:paragraph --><!-- wp:paragraph -->\n<p><a href=\"http:\/\/www.gadconcepcion.gob.ec\/wp-content\/uploads\/2024\/08\/21-politicas-publicas-o-informacion-grupo-especifico-1.zip\"><strong>21. Pol\u00edticas p\u00fablicas o informaci\u00f3n grupo espec\u00edfico<\/strong><\/a><\/p>\n<!-- \/wp:paragraph --><!-- wp:paragraph --><!-- \/wp:paragraph --><!-- wp:paragraph -->\n<p><a href=\"http:\/\/www.gadconcepcion.gob.ec\/wp-content\/uploads\/2024\/08\/23-detalle-personas-servidoras-publicas-con-acciones-afirmativas-1.zip\"><strong>23. Detalle personas servidoras p\u00fablicas con acciones afirmativas<\/strong><\/a><\/p>\n<!-- \/wp:paragraph --><!-- wp:paragraph --><!-- \/wp:paragraph --><!-- wp:paragraph -->\n<p><a href=\"http:\/\/www.gadconcepcion.gob.ec\/wp-content\/uploads\/2024\/08\/24-informacion-relevante-para-el-ejercicio-de-derechos-ods-1.zip\"><strong>24. informaci\u00f3n relevante para el ejercicio de derechos ODS<\/strong><\/a><\/p>\n<p><a href=\"http:\/\/www.gadconcepcion.gob.ec\/wp-content\/uploads\/2024\/08\/Art.-24-Gobiernos-Autonomos-Descentralizados.zip\"><strong>Art. 24 Gobiernos Aut\u00f3nomos Descentralizados &#8211; Resoluciones<\/strong><\/a><\/p>\n<p><a href=\"http:\/\/www.gadconcepcion.gob.ec\/wp-content\/uploads\/2024\/08\/Art.-24.-1-Gobiernos-Autonomos-Descentralizados-1.zip\"><strong>Art. 24. 1 Gobiernos Aut\u00f3nomos Descentralizados &#8211; Actas<\/strong><\/a><\/p>\n<!-- \/wp:paragraph --><!-- wp:paragraph --><!-- \/wp:paragraph -->\t\t\t\t\t\t<\/div>\n\t\t\t\t<\/div>\n\t\t\t\t\t<\/div>\n\t\t<\/div>\n\t\t\t\t\t<\/div>\n\t\t<\/section>\n\t\t\t\t<\/div>\n\t\t","protected":false},"excerpt":{"rendered":"<p>Art\u00edculo 19 1.1 Estructura org\u00e1nica 1.2-1.3 Base Legal Regulaciones Procedimientos Internos 1.4 Metas y objetivos unidades 2.1-2.2 Directorio y distributivo personal de la entidad 3. Remuneraciones ingresos adicionales 4. Detalle licencia comisiones 5-22 Servicios -formularios-formatos-tr\u00e1mites 6. Presupuesto de la instituci\u00f3n 7. Resultados de las auditor\u00edas internas y gubernamentales 8. Procesos de contrataci\u00f3n publica 9. Listado [&hellip;]<\/p>\n","protected":false},"author":1,"featured_media":0,"parent":0,"menu_order":0,"comment_status":"closed","ping_status":"closed","template":"","meta":{"footnotes":""},"yoast_head":"<!-- This site is optimized with the Yoast SEO Premium plugin v22.7 (Yoast SEO v22.7) - https:\/\/yoast.com\/wordpress\/plugins\/seo\/ -->\n<title>AGOSTO - GAD Parroquial Concepci\u00f3n<\/title>\n<meta name=\"robots\" content=\"index, follow, max-snippet:-1, max-image-preview:large, max-video-preview:-1\" \/>\n<link rel=\"canonical\" href=\"https:\/\/www.gadconcepcion.gob.ec\/?page_id=1811\" \/>\n<meta property=\"og:locale\" content=\"es_ES\" \/>\n<meta property=\"og:type\" content=\"article\" \/>\n<meta property=\"og:title\" content=\"AGOSTO\" \/>\n<meta property=\"og:description\" content=\"Art\u00edculo 19 1.1 Estructura org\u00e1nica 1.2-1.3 Base Legal Regulaciones Procedimientos Internos 1.4 Metas y objetivos unidades 2.1-2.2 Directorio y distributivo personal de la entidad 3. Remuneraciones ingresos adicionales 4. Detalle licencia comisiones 5-22 Servicios -formularios-formatos-tr\u00e1mites 6. Presupuesto de la instituci\u00f3n 7. Resultados de las auditor\u00edas internas y gubernamentales 8. Procesos de contrataci\u00f3n publica 9. Listado [&hellip;]\" \/>\n<meta property=\"og:url\" content=\"https:\/\/www.gadconcepcion.gob.ec\/?page_id=1811\" \/>\n<meta property=\"og:site_name\" content=\"GAD Parroquial Concepci\u00f3n\" \/>\n<meta property=\"article:modified_time\" content=\"2024-08-28T14:25:35+00:00\" \/>\n<meta name=\"twitter:card\" content=\"summary_large_image\" \/>\n<meta name=\"twitter:label1\" content=\"Tiempo de lectura\" \/>\n\t<meta name=\"twitter:data1\" content=\"1 minuto\" \/>\n<script type=\"application\/ld+json\" class=\"yoast-schema-graph\">{\"@context\":\"https:\/\/schema.org\",\"@graph\":[{\"@type\":\"WebPage\",\"@id\":\"https:\/\/www.gadconcepcion.gob.ec\/?page_id=1811\",\"url\":\"https:\/\/www.gadconcepcion.gob.ec\/?page_id=1811\",\"name\":\"AGOSTO - GAD Parroquial Concepci\u00f3n\",\"isPartOf\":{\"@id\":\"https:\/\/www.gadconcepcion.gob.ec\/#website\"},\"datePublished\":\"2024-02-16T01:59:38+00:00\",\"dateModified\":\"2024-08-28T14:25:35+00:00\",\"breadcrumb\":{\"@id\":\"https:\/\/www.gadconcepcion.gob.ec\/?page_id=1811#breadcrumb\"},\"inLanguage\":\"es\",\"potentialAction\":[{\"@type\":\"ReadAction\",\"target\":[\"https:\/\/www.gadconcepcion.gob.ec\/?page_id=1811\"]}]},{\"@type\":\"BreadcrumbList\",\"@id\":\"https:\/\/www.gadconcepcion.gob.ec\/?page_id=1811#breadcrumb\",\"itemListElement\":[{\"@type\":\"ListItem\",\"position\":1,\"name\":\"Portada\",\"item\":\"https:\/\/www.gadconcepcion.gob.ec\/\"},{\"@type\":\"ListItem\",\"position\":2,\"name\":\"AGOSTO\"}]},{\"@type\":\"WebSite\",\"@id\":\"https:\/\/www.gadconcepcion.gob.ec\/#website\",\"url\":\"https:\/\/www.gadconcepcion.gob.ec\/\",\"name\":\"GAD Parroquial Concepci\u00f3n\",\"description\":\"\",\"publisher\":{\"@id\":\"https:\/\/www.gadconcepcion.gob.ec\/#organization\"},\"potentialAction\":[{\"@type\":\"SearchAction\",\"target\":{\"@type\":\"EntryPoint\",\"urlTemplate\":\"https:\/\/www.gadconcepcion.gob.ec\/?s={search_term_string}\"},\"query-input\":\"required name=search_term_string\"}],\"inLanguage\":\"es\"},{\"@type\":\"Organization\",\"@id\":\"https:\/\/www.gadconcepcion.gob.ec\/#organization\",\"name\":\"GAD Parroquial Concepci\u00f3n\",\"url\":\"https:\/\/www.gadconcepcion.gob.ec\/\",\"logo\":{\"@type\":\"ImageObject\",\"inLanguage\":\"es\",\"@id\":\"https:\/\/www.gadconcepcion.gob.ec\/#\/schema\/logo\/image\/\",\"url\":\"https:\/\/www.gadconcepcion.gob.ec\/wp-content\/uploads\/2024\/06\/LOGO-02.png\",\"contentUrl\":\"https:\/\/www.gadconcepcion.gob.ec\/wp-content\/uploads\/2024\/06\/LOGO-02.png\",\"width\":512,\"height\":174,\"caption\":\"GAD Parroquial Concepci\u00f3n\"},\"image\":{\"@id\":\"https:\/\/www.gadconcepcion.gob.ec\/#\/schema\/logo\/image\/\"}}]}<\/script>\n<!-- \/ Yoast SEO Premium plugin. -->","yoast_head_json":{"title":"AGOSTO - GAD Parroquial Concepci\u00f3n","robots":{"index":"index","follow":"follow","max-snippet":"max-snippet:-1","max-image-preview":"max-image-preview:large","max-video-preview":"max-video-preview:-1"},"canonical":"https:\/\/www.gadconcepcion.gob.ec\/?page_id=1811","og_locale":"es_ES","og_type":"article","og_title":"AGOSTO","og_description":"Art\u00edculo 19 1.1 Estructura org\u00e1nica 1.2-1.3 Base Legal Regulaciones Procedimientos Internos 1.4 Metas y objetivos unidades 2.1-2.2 Directorio y distributivo personal de la entidad 3. Remuneraciones ingresos adicionales 4. Detalle licencia comisiones 5-22 Servicios -formularios-formatos-tr\u00e1mites 6. Presupuesto de la instituci\u00f3n 7. Resultados de las auditor\u00edas internas y gubernamentales 8. Procesos de contrataci\u00f3n publica 9. Listado [&hellip;]","og_url":"https:\/\/www.gadconcepcion.gob.ec\/?page_id=1811","og_site_name":"GAD Parroquial Concepci\u00f3n","article_modified_time":"2024-08-28T14:25:35+00:00","twitter_card":"summary_large_image","twitter_misc":{"Tiempo de lectura":"1 minuto"},"schema":{"@context":"https:\/\/schema.org","@graph":[{"@type":"WebPage","@id":"https:\/\/www.gadconcepcion.gob.ec\/?page_id=1811","url":"https:\/\/www.gadconcepcion.gob.ec\/?page_id=1811","name":"AGOSTO - GAD Parroquial Concepci\u00f3n","isPartOf":{"@id":"https:\/\/www.gadconcepcion.gob.ec\/#website"},"datePublished":"2024-02-16T01:59:38+00:00","dateModified":"2024-08-28T14:25:35+00:00","breadcrumb":{"@id":"https:\/\/www.gadconcepcion.gob.ec\/?page_id=1811#breadcrumb"},"inLanguage":"es","potentialAction":[{"@type":"ReadAction","target":["https:\/\/www.gadconcepcion.gob.ec\/?page_id=1811"]}]},{"@type":"BreadcrumbList","@id":"https:\/\/www.gadconcepcion.gob.ec\/?page_id=1811#breadcrumb","itemListElement":[{"@type":"ListItem","position":1,"name":"Portada","item":"https:\/\/www.gadconcepcion.gob.ec\/"},{"@type":"ListItem","position":2,"name":"AGOSTO"}]},{"@type":"WebSite","@id":"https:\/\/www.gadconcepcion.gob.ec\/#website","url":"https:\/\/www.gadconcepcion.gob.ec\/","name":"GAD Parroquial Concepci\u00f3n","description":"","publisher":{"@id":"https:\/\/www.gadconcepcion.gob.ec\/#organization"},"potentialAction":[{"@type":"SearchAction","target":{"@type":"EntryPoint","urlTemplate":"https:\/\/www.gadconcepcion.gob.ec\/?s={search_term_string}"},"query-input":"required name=search_term_string"}],"inLanguage":"es"},{"@type":"Organization","@id":"https:\/\/www.gadconcepcion.gob.ec\/#organization","name":"GAD Parroquial Concepci\u00f3n","url":"https:\/\/www.gadconcepcion.gob.ec\/","logo":{"@type":"ImageObject","inLanguage":"es","@id":"https:\/\/www.gadconcepcion.gob.ec\/#\/schema\/logo\/image\/","url":"https:\/\/www.gadconcepcion.gob.ec\/wp-content\/uploads\/2024\/06\/LOGO-02.png","contentUrl":"https:\/\/www.gadconcepcion.gob.ec\/wp-content\/uploads\/2024\/06\/LOGO-02.png","width":512,"height":174,"caption":"GAD Parroquial Concepci\u00f3n"},"image":{"@id":"https:\/\/www.gadconcepcion.gob.ec\/#\/schema\/logo\/image\/"}}]}},"_links":{"self":[{"href":"https:\/\/www.gadconcepcion.gob.ec\/index.php?rest_route=\/wp\/v2\/pages\/1811"}],"collection":[{"href":"https:\/\/www.gadconcepcion.gob.ec\/index.php?rest_route=\/wp\/v2\/pages"}],"about":[{"href":"https:\/\/www.gadconcepcion.gob.ec\/index.php?rest_route=\/wp\/v2\/types\/page"}],"author":[{"embeddable":true,"href":"https:\/\/www.gadconcepcion.gob.ec\/index.php?rest_route=\/wp\/v2\/users\/1"}],"replies":[{"embeddable":true,"href":"https:\/\/www.gadconcepcion.gob.ec\/index.php?rest_route=%2Fwp%2Fv2%2Fcomments&post=1811"}],"version-history":[{"count":23,"href":"https:\/\/www.gadconcepcion.gob.ec\/index.php?rest_route=\/wp\/v2\/pages\/1811\/revisions"}],"predecessor-version":[{"id":2687,"href":"https:\/\/www.gadconcepcion.gob.ec\/index.php?rest_route=\/wp\/v2\/pages\/1811\/revisions\/2687"}],"wp:attachment":[{"href":"https:\/\/www.gadconcepcion.gob.ec\/index.php?rest_route=%2Fwp%2Fv2%2Fmedia&parent=1811"}],"curies":[{"name":"wp","href":"https:\/\/api.w.org\/{rel}","templated":true}]}}