{"id":1423,"date":"2023-05-13T15:35:00","date_gmt":"2023-05-13T15:35:00","guid":{"rendered":"http:\/\/www.gadconcepcion.gob.ec\/?page_id=1423"},"modified":"2023-05-13T15:41:35","modified_gmt":"2023-05-13T15:41:35","slug":"r-de-cuentas-2022","status":"publish","type":"page","link":"https:\/\/www.gadconcepcion.gob.ec\/?page_id=1423","title":{"rendered":"R. de Cuentas 2022"},"content":{"rendered":"\n<p class=\"has-text-color has-very-dark-gray-color\"><strong>La rendici\u00f3n de cuentas es un proceso mediante el cual quienes toman decisiones sobre la gesti\u00f3n de lo p\u00fablico, cumplen su deber y responsabilidad de explicar, dar a conocer o responder a la ciudadan\u00eda sobre el manejo de lo p\u00fablico y sus resultados logrados:\u00a0La ciudadan\u00eda eval\u00faa dicha gesti\u00f3n.<\/strong><\/p>\n\n\n\n<figure class=\"wp-block-image\"><img decoding=\"async\" src=\"https:\/\/www.gadconcepcion.gob.ec\/wp-content\/uploads\/2023\/05\/WhatsApp-Image-2023-05-12-at-16.33.51-1-1024x768.jpeg\" alt=\"La imagen tiene un atributo ALT vac\u00edo; su nombre de archivo es WhatsApp-Image-2023-05-12-at-16.33.51-1-1024x768.jpeg\"\/><\/figure>\n\n\n\n<figure class=\"wp-block-image\"><img fetchpriority=\"high\" decoding=\"async\" width=\"1024\" height=\"768\" src=\"https:\/\/www.gadconcepcion.gob.ec\/wp-content\/uploads\/2023\/05\/WhatsApp-Image-2023-05-12-at-16.33.51-1024x768.jpeg\" alt=\"\" class=\"wp-image-1429\" srcset=\"https:\/\/www.gadconcepcion.gob.ec\/wp-content\/uploads\/2023\/05\/WhatsApp-Image-2023-05-12-at-16.33.51-1024x768.jpeg 1024w, https:\/\/www.gadconcepcion.gob.ec\/wp-content\/uploads\/2023\/05\/WhatsApp-Image-2023-05-12-at-16.33.51-300x225.jpeg 300w, https:\/\/www.gadconcepcion.gob.ec\/wp-content\/uploads\/2023\/05\/WhatsApp-Image-2023-05-12-at-16.33.51-768x576.jpeg 768w, https:\/\/www.gadconcepcion.gob.ec\/wp-content\/uploads\/2023\/05\/WhatsApp-Image-2023-05-12-at-16.33.51-830x623.jpeg 830w, https:\/\/www.gadconcepcion.gob.ec\/wp-content\/uploads\/2023\/05\/WhatsApp-Image-2023-05-12-at-16.33.51-230x173.jpeg 230w, https:\/\/www.gadconcepcion.gob.ec\/wp-content\/uploads\/2023\/05\/WhatsApp-Image-2023-05-12-at-16.33.51-350x263.jpeg 350w, https:\/\/www.gadconcepcion.gob.ec\/wp-content\/uploads\/2023\/05\/WhatsApp-Image-2023-05-12-at-16.33.51-480x360.jpeg 480w, https:\/\/www.gadconcepcion.gob.ec\/wp-content\/uploads\/2023\/05\/WhatsApp-Image-2023-05-12-at-16.33.51.jpeg 1152w\" sizes=\"(max-width: 1024px) 100vw, 1024px\" \/><\/figure>\n\n\n\n<figure class=\"wp-block-image\"><img decoding=\"async\" width=\"768\" height=\"1024\" src=\"https:\/\/www.gadconcepcion.gob.ec\/wp-content\/uploads\/2023\/05\/WhatsApp-Image-2023-05-12-at-16.33.49-768x1024.jpeg\" alt=\"\" class=\"wp-image-1431\" srcset=\"https:\/\/www.gadconcepcion.gob.ec\/wp-content\/uploads\/2023\/05\/WhatsApp-Image-2023-05-12-at-16.33.49-768x1024.jpeg 768w, https:\/\/www.gadconcepcion.gob.ec\/wp-content\/uploads\/2023\/05\/WhatsApp-Image-2023-05-12-at-16.33.49-225x300.jpeg 225w, https:\/\/www.gadconcepcion.gob.ec\/wp-content\/uploads\/2023\/05\/WhatsApp-Image-2023-05-12-at-16.33.49-830x1107.jpeg 830w, https:\/\/www.gadconcepcion.gob.ec\/wp-content\/uploads\/2023\/05\/WhatsApp-Image-2023-05-12-at-16.33.49-230x307.jpeg 230w, https:\/\/www.gadconcepcion.gob.ec\/wp-content\/uploads\/2023\/05\/WhatsApp-Image-2023-05-12-at-16.33.49-350x467.jpeg 350w, https:\/\/www.gadconcepcion.gob.ec\/wp-content\/uploads\/2023\/05\/WhatsApp-Image-2023-05-12-at-16.33.49-480x640.jpeg 480w, https:\/\/www.gadconcepcion.gob.ec\/wp-content\/uploads\/2023\/05\/WhatsApp-Image-2023-05-12-at-16.33.49.jpeg 864w\" sizes=\"(max-width: 768px) 100vw, 768px\" \/><\/figure>\n\n\n\n<figure class=\"wp-block-image\"><img decoding=\"async\" width=\"1024\" height=\"768\" src=\"https:\/\/www.gadconcepcion.gob.ec\/wp-content\/uploads\/2023\/05\/WhatsApp-Image-2023-05-12-at-16.33.50-2-1024x768.jpeg\" alt=\"\" class=\"wp-image-1432\" srcset=\"https:\/\/www.gadconcepcion.gob.ec\/wp-content\/uploads\/2023\/05\/WhatsApp-Image-2023-05-12-at-16.33.50-2-1024x768.jpeg 1024w, https:\/\/www.gadconcepcion.gob.ec\/wp-content\/uploads\/2023\/05\/WhatsApp-Image-2023-05-12-at-16.33.50-2-300x225.jpeg 300w, https:\/\/www.gadconcepcion.gob.ec\/wp-content\/uploads\/2023\/05\/WhatsApp-Image-2023-05-12-at-16.33.50-2-768x576.jpeg 768w, https:\/\/www.gadconcepcion.gob.ec\/wp-content\/uploads\/2023\/05\/WhatsApp-Image-2023-05-12-at-16.33.50-2-830x623.jpeg 830w, https:\/\/www.gadconcepcion.gob.ec\/wp-content\/uploads\/2023\/05\/WhatsApp-Image-2023-05-12-at-16.33.50-2-230x173.jpeg 230w, https:\/\/www.gadconcepcion.gob.ec\/wp-content\/uploads\/2023\/05\/WhatsApp-Image-2023-05-12-at-16.33.50-2-350x263.jpeg 350w, https:\/\/www.gadconcepcion.gob.ec\/wp-content\/uploads\/2023\/05\/WhatsApp-Image-2023-05-12-at-16.33.50-2-480x360.jpeg 480w, https:\/\/www.gadconcepcion.gob.ec\/wp-content\/uploads\/2023\/05\/WhatsApp-Image-2023-05-12-at-16.33.50-2.jpeg 1152w\" sizes=\"(max-width: 1024px) 100vw, 1024px\" \/><\/figure>\n\n\n\n<p><\/p>\n\n\n\n<p><\/p>\n\n\n\n<p><\/p>\n\n\n\n<p><\/p>\n\n\n\n<p><\/p>\n\n\n\n<p><\/p>\n","protected":false},"excerpt":{"rendered":"<p>La rendici\u00f3n de cuentas es un proceso mediante el cual quienes toman decisiones sobre la gesti\u00f3n de lo p\u00fablico, cumplen su deber y responsabilidad de explicar, dar a conocer o responder a la ciudadan\u00eda sobre el manejo de lo p\u00fablico y sus resultados logrados:\u00a0La ciudadan\u00eda eval\u00faa dicha gesti\u00f3n.<\/p>\n","protected":false},"author":1,"featured_media":0,"parent":0,"menu_order":0,"comment_status":"closed","ping_status":"closed","template":"","meta":{"footnotes":""},"yoast_head":"<!-- This site is optimized with the Yoast SEO Premium plugin v22.7 (Yoast SEO v22.7) - https:\/\/yoast.com\/wordpress\/plugins\/seo\/ -->\n<title>R. de Cuentas 2022 - GAD Parroquial Concepci\u00f3n<\/title>\n<meta name=\"robots\" content=\"index, follow, max-snippet:-1, max-image-preview:large, max-video-preview:-1\" \/>\n<link rel=\"canonical\" href=\"http:\/\/www.gadconcepcion.gob.ec\/?page_id=1423\" \/>\n<meta property=\"og:locale\" content=\"es_ES\" \/>\n<meta property=\"og:type\" content=\"article\" \/>\n<meta property=\"og:title\" content=\"R. de Cuentas 2022\" \/>\n<meta property=\"og:description\" content=\"La rendici\u00f3n de cuentas es un proceso mediante el cual quienes toman decisiones sobre la gesti\u00f3n de lo p\u00fablico, cumplen su deber y responsabilidad de explicar, dar a conocer o responder a la ciudadan\u00eda sobre el manejo de lo p\u00fablico y sus resultados logrados:\u00a0La ciudadan\u00eda eval\u00faa dicha gesti\u00f3n.\" \/>\n<meta property=\"og:url\" content=\"http:\/\/www.gadconcepcion.gob.ec\/?page_id=1423\" \/>\n<meta property=\"og:site_name\" content=\"GAD Parroquial Concepci\u00f3n\" \/>\n<meta property=\"article:modified_time\" content=\"2023-05-13T15:41:35+00:00\" \/>\n<meta property=\"og:image\" content=\"https:\/\/www.gadconcepcion.gob.ec\/wp-content\/uploads\/2023\/05\/WhatsApp-Image-2023-05-12-at-16.33.51-1-1024x768.jpeg\" \/>\n<meta name=\"twitter:card\" content=\"summary_large_image\" \/>\n<script type=\"application\/ld+json\" class=\"yoast-schema-graph\">{\"@context\":\"https:\/\/schema.org\",\"@graph\":[{\"@type\":\"WebPage\",\"@id\":\"http:\/\/www.gadconcepcion.gob.ec\/?page_id=1423\",\"url\":\"http:\/\/www.gadconcepcion.gob.ec\/?page_id=1423\",\"name\":\"R. de Cuentas 2022 - GAD Parroquial Concepci\u00f3n\",\"isPartOf\":{\"@id\":\"https:\/\/www.gadconcepcion.gob.ec\/#website\"},\"primaryImageOfPage\":{\"@id\":\"http:\/\/www.gadconcepcion.gob.ec\/?page_id=1423#primaryimage\"},\"image\":{\"@id\":\"http:\/\/www.gadconcepcion.gob.ec\/?page_id=1423#primaryimage\"},\"thumbnailUrl\":\"https:\/\/www.gadconcepcion.gob.ec\/wp-content\/uploads\/2023\/05\/WhatsApp-Image-2023-05-12-at-16.33.51-1-1024x768.jpeg\",\"datePublished\":\"2023-05-13T15:35:00+00:00\",\"dateModified\":\"2023-05-13T15:41:35+00:00\",\"breadcrumb\":{\"@id\":\"http:\/\/www.gadconcepcion.gob.ec\/?page_id=1423#breadcrumb\"},\"inLanguage\":\"es\",\"potentialAction\":[{\"@type\":\"ReadAction\",\"target\":[\"http:\/\/www.gadconcepcion.gob.ec\/?page_id=1423\"]}]},{\"@type\":\"ImageObject\",\"inLanguage\":\"es\",\"@id\":\"http:\/\/www.gadconcepcion.gob.ec\/?page_id=1423#primaryimage\",\"url\":\"https:\/\/www.gadconcepcion.gob.ec\/wp-content\/uploads\/2023\/05\/WhatsApp-Image-2023-05-12-at-16.33.51-1-1024x768.jpeg\",\"contentUrl\":\"https:\/\/www.gadconcepcion.gob.ec\/wp-content\/uploads\/2023\/05\/WhatsApp-Image-2023-05-12-at-16.33.51-1-1024x768.jpeg\"},{\"@type\":\"BreadcrumbList\",\"@id\":\"http:\/\/www.gadconcepcion.gob.ec\/?page_id=1423#breadcrumb\",\"itemListElement\":[{\"@type\":\"ListItem\",\"position\":1,\"name\":\"Portada\",\"item\":\"https:\/\/www.gadconcepcion.gob.ec\/\"},{\"@type\":\"ListItem\",\"position\":2,\"name\":\"R. de Cuentas 2022\"}]},{\"@type\":\"WebSite\",\"@id\":\"https:\/\/www.gadconcepcion.gob.ec\/#website\",\"url\":\"https:\/\/www.gadconcepcion.gob.ec\/\",\"name\":\"GAD Parroquial Concepci\u00f3n\",\"description\":\"\",\"publisher\":{\"@id\":\"https:\/\/www.gadconcepcion.gob.ec\/#organization\"},\"potentialAction\":[{\"@type\":\"SearchAction\",\"target\":{\"@type\":\"EntryPoint\",\"urlTemplate\":\"https:\/\/www.gadconcepcion.gob.ec\/?s={search_term_string}\"},\"query-input\":\"required name=search_term_string\"}],\"inLanguage\":\"es\"},{\"@type\":\"Organization\",\"@id\":\"https:\/\/www.gadconcepcion.gob.ec\/#organization\",\"name\":\"GAD Parroquial Concepci\u00f3n\",\"url\":\"https:\/\/www.gadconcepcion.gob.ec\/\",\"logo\":{\"@type\":\"ImageObject\",\"inLanguage\":\"es\",\"@id\":\"https:\/\/www.gadconcepcion.gob.ec\/#\/schema\/logo\/image\/\",\"url\":\"https:\/\/www.gadconcepcion.gob.ec\/wp-content\/uploads\/2024\/06\/LOGO-02.png\",\"contentUrl\":\"https:\/\/www.gadconcepcion.gob.ec\/wp-content\/uploads\/2024\/06\/LOGO-02.png\",\"width\":512,\"height\":174,\"caption\":\"GAD Parroquial Concepci\u00f3n\"},\"image\":{\"@id\":\"https:\/\/www.gadconcepcion.gob.ec\/#\/schema\/logo\/image\/\"}}]}<\/script>\n<!-- \/ Yoast SEO Premium plugin. -->","yoast_head_json":{"title":"R. de Cuentas 2022 - GAD Parroquial Concepci\u00f3n","robots":{"index":"index","follow":"follow","max-snippet":"max-snippet:-1","max-image-preview":"max-image-preview:large","max-video-preview":"max-video-preview:-1"},"canonical":"http:\/\/www.gadconcepcion.gob.ec\/?page_id=1423","og_locale":"es_ES","og_type":"article","og_title":"R. de Cuentas 2022","og_description":"La rendici\u00f3n de cuentas es un proceso mediante el cual quienes toman decisiones sobre la gesti\u00f3n de lo p\u00fablico, cumplen su deber y responsabilidad de explicar, dar a conocer o responder a la ciudadan\u00eda sobre el manejo de lo p\u00fablico y sus resultados logrados:\u00a0La ciudadan\u00eda eval\u00faa dicha gesti\u00f3n.","og_url":"http:\/\/www.gadconcepcion.gob.ec\/?page_id=1423","og_site_name":"GAD Parroquial Concepci\u00f3n","article_modified_time":"2023-05-13T15:41:35+00:00","og_image":[{"url":"https:\/\/www.gadconcepcion.gob.ec\/wp-content\/uploads\/2023\/05\/WhatsApp-Image-2023-05-12-at-16.33.51-1-1024x768.jpeg"}],"twitter_card":"summary_large_image","schema":{"@context":"https:\/\/schema.org","@graph":[{"@type":"WebPage","@id":"http:\/\/www.gadconcepcion.gob.ec\/?page_id=1423","url":"http:\/\/www.gadconcepcion.gob.ec\/?page_id=1423","name":"R. de Cuentas 2022 - GAD Parroquial Concepci\u00f3n","isPartOf":{"@id":"https:\/\/www.gadconcepcion.gob.ec\/#website"},"primaryImageOfPage":{"@id":"http:\/\/www.gadconcepcion.gob.ec\/?page_id=1423#primaryimage"},"image":{"@id":"http:\/\/www.gadconcepcion.gob.ec\/?page_id=1423#primaryimage"},"thumbnailUrl":"https:\/\/www.gadconcepcion.gob.ec\/wp-content\/uploads\/2023\/05\/WhatsApp-Image-2023-05-12-at-16.33.51-1-1024x768.jpeg","datePublished":"2023-05-13T15:35:00+00:00","dateModified":"2023-05-13T15:41:35+00:00","breadcrumb":{"@id":"http:\/\/www.gadconcepcion.gob.ec\/?page_id=1423#breadcrumb"},"inLanguage":"es","potentialAction":[{"@type":"ReadAction","target":["http:\/\/www.gadconcepcion.gob.ec\/?page_id=1423"]}]},{"@type":"ImageObject","inLanguage":"es","@id":"http:\/\/www.gadconcepcion.gob.ec\/?page_id=1423#primaryimage","url":"https:\/\/www.gadconcepcion.gob.ec\/wp-content\/uploads\/2023\/05\/WhatsApp-Image-2023-05-12-at-16.33.51-1-1024x768.jpeg","contentUrl":"https:\/\/www.gadconcepcion.gob.ec\/wp-content\/uploads\/2023\/05\/WhatsApp-Image-2023-05-12-at-16.33.51-1-1024x768.jpeg"},{"@type":"BreadcrumbList","@id":"http:\/\/www.gadconcepcion.gob.ec\/?page_id=1423#breadcrumb","itemListElement":[{"@type":"ListItem","position":1,"name":"Portada","item":"https:\/\/www.gadconcepcion.gob.ec\/"},{"@type":"ListItem","position":2,"name":"R. de Cuentas 2022"}]},{"@type":"WebSite","@id":"https:\/\/www.gadconcepcion.gob.ec\/#website","url":"https:\/\/www.gadconcepcion.gob.ec\/","name":"GAD Parroquial Concepci\u00f3n","description":"","publisher":{"@id":"https:\/\/www.gadconcepcion.gob.ec\/#organization"},"potentialAction":[{"@type":"SearchAction","target":{"@type":"EntryPoint","urlTemplate":"https:\/\/www.gadconcepcion.gob.ec\/?s={search_term_string}"},"query-input":"required name=search_term_string"}],"inLanguage":"es"},{"@type":"Organization","@id":"https:\/\/www.gadconcepcion.gob.ec\/#organization","name":"GAD Parroquial Concepci\u00f3n","url":"https:\/\/www.gadconcepcion.gob.ec\/","logo":{"@type":"ImageObject","inLanguage":"es","@id":"https:\/\/www.gadconcepcion.gob.ec\/#\/schema\/logo\/image\/","url":"https:\/\/www.gadconcepcion.gob.ec\/wp-content\/uploads\/2024\/06\/LOGO-02.png","contentUrl":"https:\/\/www.gadconcepcion.gob.ec\/wp-content\/uploads\/2024\/06\/LOGO-02.png","width":512,"height":174,"caption":"GAD Parroquial Concepci\u00f3n"},"image":{"@id":"https:\/\/www.gadconcepcion.gob.ec\/#\/schema\/logo\/image\/"}}]}},"_links":{"self":[{"href":"https:\/\/www.gadconcepcion.gob.ec\/index.php?rest_route=\/wp\/v2\/pages\/1423"}],"collection":[{"href":"https:\/\/www.gadconcepcion.gob.ec\/index.php?rest_route=\/wp\/v2\/pages"}],"about":[{"href":"https:\/\/www.gadconcepcion.gob.ec\/index.php?rest_route=\/wp\/v2\/types\/page"}],"author":[{"embeddable":true,"href":"https:\/\/www.gadconcepcion.gob.ec\/index.php?rest_route=\/wp\/v2\/users\/1"}],"replies":[{"embeddable":true,"href":"https:\/\/www.gadconcepcion.gob.ec\/index.php?rest_route=%2Fwp%2Fv2%2Fcomments&post=1423"}],"version-history":[{"count":2,"href":"https:\/\/www.gadconcepcion.gob.ec\/index.php?rest_route=\/wp\/v2\/pages\/1423\/revisions"}],"predecessor-version":[{"id":1433,"href":"https:\/\/www.gadconcepcion.gob.ec\/index.php?rest_route=\/wp\/v2\/pages\/1423\/revisions\/1433"}],"wp:attachment":[{"href":"https:\/\/www.gadconcepcion.gob.ec\/index.php?rest_route=%2Fwp%2Fv2%2Fmedia&parent=1423"}],"curies":[{"name":"wp","href":"https:\/\/api.w.org\/{rel}","templated":true}]}}